{"id":906,"date":"2025-02-10T22:48:04","date_gmt":"2025-02-10T22:48:04","guid":{"rendered":"https:\/\/inducontrol.com.mx\/?post_type=product&#038;p=906"},"modified":"2025-05-28T01:03:27","modified_gmt":"2025-05-28T01:03:27","slug":"filtro-1020","status":"publish","type":"product","link":"https:\/\/inducontrol.com.mx\/?producto=filtro-1020","title":{"rendered":"Filtro de aceite"},"content":{"rendered":"","protected":false},"excerpt":{"rendered":"<p>Dise\u00f1ados para proteger los motores modernos. Evitan el desgaste prematuro de tu motor debido a la descomposici\u00f3n del aceite y los sedimentos derivados de la combusti\u00f3n. Fabricador con fibras sint\u00e9ticas h\u00edbridas, que brindan una eficiencia de captaci\u00f3n de suciedad de m\u00e1s del 95%<\/p>\n","protected":false},"featured_media":917,"template":"","meta":[],"product_brand":[],"product_cat":[27],"product_tag":[],"class_list":{"0":"post-906","1":"product","2":"type-product","3":"status-publish","4":"has-post-thumbnail","6":"product_cat-filtro-de-aceite","8":"first","9":"instock","10":"shipping-taxable","11":"product-type-simple"},"_links":{"self":[{"href":"https:\/\/inducontrol.com.mx\/index.php?rest_route=\/wp\/v2\/product\/906","targetHints":{"allow":["GET"]}}],"collection":[{"href":"https:\/\/inducontrol.com.mx\/index.php?rest_route=\/wp\/v2\/product"}],"about":[{"href":"https:\/\/inducontrol.com.mx\/index.php?rest_route=\/wp\/v2\/types\/product"}],"wp:featuredmedia":[{"embeddable":true,"href":"https:\/\/inducontrol.com.mx\/index.php?rest_route=\/wp\/v2\/media\/917"}],"wp:attachment":[{"href":"https:\/\/inducontrol.com.mx\/index.php?rest_route=%2Fwp%2Fv2%2Fmedia&parent=906"}],"wp:term":[{"taxonomy":"product_brand","embeddable":true,"href":"https:\/\/inducontrol.com.mx\/index.php?rest_route=%2Fwp%2Fv2%2Fproduct_brand&post=906"},{"taxonomy":"product_cat","embeddable":true,"href":"https:\/\/inducontrol.com.mx\/index.php?rest_route=%2Fwp%2Fv2%2Fproduct_cat&post=906"},{"taxonomy":"product_tag","embeddable":true,"href":"https:\/\/inducontrol.com.mx\/index.php?rest_route=%2Fwp%2Fv2%2Fproduct_tag&post=906"}],"curies":[{"name":"wp","href":"https:\/\/api.w.org\/{rel}","templated":true}]}}